{"id":592,"date":"2025-12-23T10:11:46","date_gmt":"2025-12-23T09:11:46","guid":{"rendered":"https:\/\/www.dilia-jazzband.fr\/?page_id=592"},"modified":"2026-01-01T08:39:51","modified_gmt":"2026-01-01T07:39:51","slug":"contact-devis","status":"publish","type":"page","link":"https:\/\/www.dilia-jazzband.fr\/index.php\/contact-devis\/","title":{"rendered":"Contact"},"content":{"rendered":"\t\t<div data-elementor-type=\"wp-page\" data-elementor-id=\"592\" class=\"elementor elementor-592\" data-elementor-post-type=\"page\">\n\t\t\t\t<div class=\"elementor-element elementor-element-55b2061d e-grid elementor-hidden-desktop e-con-boxed e-con e-parent\" data-id=\"55b2061d\" data-element_type=\"container\" data-settings=\"{&quot;background_background&quot;:&quot;classic&quot;,&quot;sticky&quot;:&quot;top&quot;,&quot;sticky_on&quot;:[&quot;desktop&quot;,&quot;tablet&quot;,&quot;mobile&quot;],&quot;sticky_offset&quot;:0,&quot;sticky_effects_offset&quot;:0,&quot;sticky_anchor_link_offset&quot;:0}\">\n\t\t\t\t\t<div class=\"e-con-inner\">\n\t\t\t\t<div class=\"elementor-element elementor-element-52b2774c elementor-widget elementor-widget-theme-site-logo elementor-widget-image\" data-id=\"52b2774c\" data-element_type=\"widget\" data-widget_type=\"theme-site-logo.default\">\n\t\t\t\t\t\t\t\t\t\t\t<a href=\"https:\/\/www.dilia-jazzband.fr\">\n\t\t\t<img fetchpriority=\"high\" decoding=\"async\" width=\"680\" height=\"116\" src=\"https:\/\/www.dilia-jazzband.fr\/wp-content\/uploads\/2021\/11\/logo2.png\" class=\"attachment-full size-full wp-image-29\" alt=\"\" srcset=\"https:\/\/www.dilia-jazzband.fr\/wp-content\/uploads\/2021\/11\/logo2.png 680w, https:\/\/www.dilia-jazzband.fr\/wp-content\/uploads\/2021\/11\/logo2-300x51.png 300w, https:\/\/www.dilia-jazzband.fr\/wp-content\/uploads\/2021\/11\/logo2-480x82.png 480w\" sizes=\"(max-width: 680px) 100vw, 680px\" \/>\t\t\t\t<\/a>\n\t\t\t\t\t\t\t\t\t\t\t<\/div>\n\t\t\t\t<div class=\"elementor-element elementor-element-4d986682 elementor-nav-menu--dropdown-tablet elementor-nav-menu__text-align-aside elementor-nav-menu--toggle elementor-nav-menu--burger elementor-widget elementor-widget-nav-menu\" data-id=\"4d986682\" data-element_type=\"widget\" data-settings=\"{&quot;layout&quot;:&quot;horizontal&quot;,&quot;submenu_icon&quot;:{&quot;value&quot;:&quot;&lt;svg aria-hidden=\\&quot;true\\&quot; class=\\&quot;e-font-icon-svg e-fas-caret-down\\&quot; viewBox=\\&quot;0 0 320 512\\&quot; xmlns=\\&quot;http:\\\/\\\/www.w3.org\\\/2000\\\/svg\\&quot;&gt;&lt;path d=\\&quot;M31.3 192h257.3c17.8 0 26.7 21.5 14.1 34.1L174.1 354.8c-7.8 7.8-20.5 7.8-28.3 0L17.2 226.1C4.6 213.5 13.5 192 31.3 192z\\&quot;&gt;&lt;\\\/path&gt;&lt;\\\/svg&gt;&quot;,&quot;library&quot;:&quot;fa-solid&quot;},&quot;toggle&quot;:&quot;burger&quot;}\" data-widget_type=\"nav-menu.default\">\n\t\t\t\t\t\t\t\t<nav aria-label=\"Menu\" class=\"elementor-nav-menu--main elementor-nav-menu__container elementor-nav-menu--layout-horizontal e--pointer-underline e--animation-fade\">\n\t\t\t\t<ul id=\"menu-1-4d986682\" class=\"elementor-nav-menu\"><li class=\"menu-item menu-item-type-post_type menu-item-object-page menu-item-home menu-item-605\"><a href=\"https:\/\/www.dilia-jazzband.fr\/\" class=\"elementor-item\">Accueil<\/a><\/li>\n<li class=\"menu-item menu-item-type-post_type menu-item-object-page menu-item-604\"><a href=\"https:\/\/www.dilia-jazzband.fr\/index.php\/groupe-jazz-mariage\/\" class=\"elementor-item\">Mariages<\/a><\/li>\n<li class=\"menu-item menu-item-type-post_type menu-item-object-page menu-item-603\"><a href=\"https:\/\/www.dilia-jazzband.fr\/index.php\/contact-devis\/\" class=\"elementor-item\">Contact<\/a><\/li>\n<li class=\"menu-item menu-item-type-post_type menu-item-object-page menu-item-961\"><a href=\"https:\/\/www.dilia-jazzband.fr\/index.php\/welcome\/\" class=\"elementor-item\">English<\/a><\/li>\n<\/ul>\t\t\t<\/nav>\n\t\t\t\t\t<div class=\"elementor-menu-toggle\" role=\"button\" tabindex=\"0\" aria-label=\"Menu Toggle\" aria-expanded=\"false\">\n\t\t\t<svg aria-hidden=\"true\" role=\"presentation\" class=\"elementor-menu-toggle__icon--open e-font-icon-svg e-eicon-menu-bar\" viewBox=\"0 0 1000 1000\" xmlns=\"http:\/\/www.w3.org\/2000\/svg\"><path d=\"M104 333H896C929 333 958 304 958 271S929 208 896 208H104C71 208 42 237 42 271S71 333 104 333ZM104 583H896C929 583 958 554 958 521S929 458 896 458H104C71 458 42 487 42 521S71 583 104 583ZM104 833H896C929 833 958 804 958 771S929 708 896 708H104C71 708 42 737 42 771S71 833 104 833Z\"><\/path><\/svg><svg aria-hidden=\"true\" role=\"presentation\" class=\"elementor-menu-toggle__icon--close e-font-icon-svg e-eicon-close\" viewBox=\"0 0 1000 1000\" xmlns=\"http:\/\/www.w3.org\/2000\/svg\"><path d=\"M742 167L500 408 258 167C246 154 233 150 217 150 196 150 179 158 167 167 154 179 150 196 150 212 150 229 154 242 171 254L408 500 167 742C138 771 138 800 167 829 196 858 225 858 254 829L496 587 738 829C750 842 767 846 783 846 800 846 817 842 829 829 842 817 846 804 846 783 846 767 842 750 829 737L588 500 833 258C863 229 863 200 833 171 804 137 775 137 742 167Z\"><\/path><\/svg>\t\t<\/div>\n\t\t\t\t\t<nav class=\"elementor-nav-menu--dropdown elementor-nav-menu__container\" aria-hidden=\"true\">\n\t\t\t\t<ul id=\"menu-2-4d986682\" class=\"elementor-nav-menu\"><li class=\"menu-item menu-item-type-post_type menu-item-object-page menu-item-home menu-item-605\"><a href=\"https:\/\/www.dilia-jazzband.fr\/\" class=\"elementor-item\" tabindex=\"-1\">Accueil<\/a><\/li>\n<li class=\"menu-item menu-item-type-post_type menu-item-object-page menu-item-604\"><a href=\"https:\/\/www.dilia-jazzband.fr\/index.php\/groupe-jazz-mariage\/\" class=\"elementor-item\" tabindex=\"-1\">Mariages<\/a><\/li>\n<li class=\"menu-item menu-item-type-post_type menu-item-object-page menu-item-603\"><a href=\"https:\/\/www.dilia-jazzband.fr\/index.php\/contact-devis\/\" class=\"elementor-item\" tabindex=\"-1\">Contact<\/a><\/li>\n<li class=\"menu-item menu-item-type-post_type menu-item-object-page menu-item-961\"><a href=\"https:\/\/www.dilia-jazzband.fr\/index.php\/welcome\/\" class=\"elementor-item\" tabindex=\"-1\">English<\/a><\/li>\n<\/ul>\t\t\t<\/nav>\n\t\t\t\t\t\t<\/div>\n\t\t\t\t\t<\/div>\n\t\t\t\t<\/div>\n\t\t<div class=\"elementor-element elementor-element-57b8a2a e-flex e-con-boxed e-con e-parent\" data-id=\"57b8a2a\" data-element_type=\"container\">\n\t\t\t\t\t<div class=\"e-con-inner\">\n\t\t\t\t<div class=\"elementor-element elementor-element-b0d97ad elementor-widget elementor-widget-heading\" data-id=\"b0d97ad\" data-element_type=\"widget\" data-widget_type=\"heading.default\">\n\t\t\t\t\t<h2 class=\"elementor-heading-title elementor-size-default\">Contactez nous : \n<\/h2>\t\t\t\t<\/div>\n\t\t\t\t\t<\/div>\n\t\t\t\t<\/div>\n\t\t<div class=\"elementor-element elementor-element-2ca9cd0 e-flex e-con-boxed e-con e-parent\" data-id=\"2ca9cd0\" data-element_type=\"container\">\n\t\t\t\t\t<div class=\"e-con-inner\">\n\t\t<div class=\"elementor-element elementor-element-56f715f e-con-full e-flex e-con e-child\" data-id=\"56f715f\" data-element_type=\"container\">\n\t\t\t\t<div class=\"elementor-element elementor-element-97fe21c elementor-widget elementor-widget-image\" data-id=\"97fe21c\" data-element_type=\"widget\" data-widget_type=\"image.default\">\n\t\t\t\t\t\t\t\t\t\t\t\t\t\t\t<img decoding=\"async\" width=\"800\" height=\"534\" src=\"https:\/\/www.dilia-jazzband.fr\/wp-content\/uploads\/2021\/12\/25072021-P1720557-1024x683.jpg\" class=\"attachment-large size-large wp-image-53\" alt=\"\" srcset=\"https:\/\/www.dilia-jazzband.fr\/wp-content\/uploads\/2021\/12\/25072021-P1720557-1024x683.jpg 1024w, https:\/\/www.dilia-jazzband.fr\/wp-content\/uploads\/2021\/12\/25072021-P1720557-300x200.jpg 300w, https:\/\/www.dilia-jazzband.fr\/wp-content\/uploads\/2021\/12\/25072021-P1720557-768x512.jpg 768w, https:\/\/www.dilia-jazzband.fr\/wp-content\/uploads\/2021\/12\/25072021-P1720557-1536x1024.jpg 1536w, https:\/\/www.dilia-jazzband.fr\/wp-content\/uploads\/2021\/12\/25072021-P1720557-1080x720.jpg 1080w, https:\/\/www.dilia-jazzband.fr\/wp-content\/uploads\/2021\/12\/25072021-P1720557-1280x854.jpg 1280w, https:\/\/www.dilia-jazzband.fr\/wp-content\/uploads\/2021\/12\/25072021-P1720557-980x654.jpg 980w, https:\/\/www.dilia-jazzband.fr\/wp-content\/uploads\/2021\/12\/25072021-P1720557-480x320.jpg 480w, https:\/\/www.dilia-jazzband.fr\/wp-content\/uploads\/2021\/12\/25072021-P1720557.jpg 1600w\" sizes=\"(max-width: 800px) 100vw, 800px\" \/>\t\t\t\t\t\t\t\t\t\t\t\t\t\t\t<\/div>\n\t\t\t\t<\/div>\n\t\t<div class=\"elementor-element elementor-element-fdd0f30 e-con-full e-flex e-con e-child\" data-id=\"fdd0f30\" data-element_type=\"container\">\n\t\t<div class=\"elementor-element elementor-element-18f60b6 e-con-full e-flex e-con e-child\" data-id=\"18f60b6\" data-element_type=\"container\">\n\t\t\t\t<div class=\"elementor-element elementor-element-95c35a3 elementor-widget elementor-widget-text-editor\" data-id=\"95c35a3\" data-element_type=\"widget\" data-widget_type=\"text-editor.default\">\n\t\t\t\t\t\t\t\t\t<p>Pour toute demande d\u2019<strong>information compl\u00e9mentaire<\/strong> ou de <strong>devis<\/strong>, n&rsquo;h\u00e9sitez pas \u00e0 nous contacter, nous r\u00e9pondons dans la journ\u00e9e :<\/p><p>\u00a0<\/p><h3 style=\"text-align: center;\"><strong>06 98 79 04 00<\/strong><\/h3><h3 style=\"text-align: center;\"><strong>dilia.jazzband@gmail.com<\/strong><\/h3>\t\t\t\t\t\t\t\t<\/div>\n\t\t\t\t<\/div>\n\t\t<div class=\"elementor-element elementor-element-eb6b1a1 e-con-full e-flex e-con e-child\" data-id=\"eb6b1a1\" data-element_type=\"container\">\n\t\t\t\t<div class=\"elementor-element elementor-element-04ca41f elementor-widget elementor-widget-html\" data-id=\"04ca41f\" data-element_type=\"widget\" data-widget_type=\"html.default\">\n\t\t\t\t\t<script charset=\"utf-8\" type=\"text\/javascript\" src=\"\/\/js-eu1.hsforms.net\/forms\/embed\/v2.js\"><\/script>\r\n<script>\r\n  hbspt.forms.create({\r\n    region: \"eu1\",\r\n    portalId: \"144795977\",\r\n    formId: \"32f7d40a-b6ff-4dee-b8e5-4dc55c997db8\"\r\n  });\r\n<\/script>\t\t\t\t<\/div>\n\t\t\t\t<\/div>\n\t\t\t\t<\/div>\n\t\t\t\t\t<\/div>\n\t\t\t\t<\/div>\n\t\t\t\t<\/div>\n\t\t","protected":false},"excerpt":{"rendered":"<p>Contactez nous : Pour toute demande d\u2019information compl\u00e9mentaire ou de devis, n&rsquo;h\u00e9sitez pas \u00e0 nous contacter, nous r\u00e9pondons dans la journ\u00e9e : \u00a0 06 98 79 04 00 dilia.jazzband@gmail.com<\/p>\n","protected":false},"author":1,"featured_media":0,"parent":0,"menu_order":0,"comment_status":"closed","ping_status":"closed","template":"","meta":{"footnotes":""},"class_list":["post-592","page","type-page","status-publish","hentry"],"yoast_head":"<!-- This site is optimized with the Yoast SEO plugin v17.7 - https:\/\/yoast.com\/wordpress\/plugins\/seo\/ -->\n<title>Contact \u2013 Dilia Jazz Band | Devis animation jazz pour votre \u00e9v\u00e9nement<\/title>\n<meta name=\"description\" content=\"Contactez Dilia Jazz Band pour obtenir un devis musical personnalis\u00e9 pour votre mariage, cocktail ou \u00e9v\u00e9nement priv\u00e9\/professionnel. Musique jazz live adapt\u00e9e \u00e0 toutes vos envies en Dr\u00f4me et Auvergne-Rh\u00f4ne-Alpes, Provence-Alpes-C\u00f4te d&#039;Azur.\" \/>\n<meta name=\"robots\" content=\"index, follow, max-snippet:-1, max-image-preview:large, max-video-preview:-1\" \/>\n<link rel=\"canonical\" href=\"https:\/\/www.dilia-jazzband.fr\/index.php\/contact-devis\/\" \/>\n<meta property=\"og:locale\" content=\"fr_FR\" \/>\n<meta property=\"og:type\" content=\"article\" \/>\n<meta property=\"og:title\" content=\"Contact \u2013 Dilia Jazz Band | Devis animation jazz pour votre \u00e9v\u00e9nement\" \/>\n<meta property=\"og:description\" content=\"Contactez Dilia Jazz Band pour obtenir un devis musical personnalis\u00e9 pour votre mariage, cocktail ou \u00e9v\u00e9nement priv\u00e9\/professionnel. Musique jazz live adapt\u00e9e \u00e0 toutes vos envies en Dr\u00f4me et Auvergne-Rh\u00f4ne-Alpes, Provence-Alpes-C\u00f4te d&#039;Azur.\" \/>\n<meta property=\"og:url\" content=\"https:\/\/www.dilia-jazzband.fr\/index.php\/contact-devis\/\" \/>\n<meta property=\"og:site_name\" content=\"Dilia Jazz Band\" \/>\n<meta property=\"article:modified_time\" content=\"2026-01-01T07:39:51+00:00\" \/>\n<meta property=\"og:image\" content=\"https:\/\/www.dilia-jazzband.fr\/wp-content\/uploads\/2021\/12\/25072021-P1720557-1024x683.jpg\" \/>\n<meta name=\"twitter:card\" content=\"summary_large_image\" \/>\n<script type=\"application\/ld+json\" class=\"yoast-schema-graph\">{\"@context\":\"https:\/\/schema.org\",\"@graph\":[{\"@type\":\"WebSite\",\"@id\":\"https:\/\/www.dilia-jazzband.fr\/#website\",\"url\":\"https:\/\/www.dilia-jazzband.fr\/\",\"name\":\"Dilia Jazz Band\",\"description\":\"Jazz live \\u00e9l\\u00e9gant pour mariages et \\u00e9v\\u00e9nements\",\"potentialAction\":[{\"@type\":\"SearchAction\",\"target\":{\"@type\":\"EntryPoint\",\"urlTemplate\":\"https:\/\/www.dilia-jazzband.fr\/?s={search_term_string}\"},\"query-input\":\"required name=search_term_string\"}],\"inLanguage\":\"fr-FR\"},{\"@type\":\"ImageObject\",\"@id\":\"https:\/\/www.dilia-jazzband.fr\/index.php\/contact-devis\/#primaryimage\",\"inLanguage\":\"fr-FR\",\"url\":\"https:\/\/www.dilia-jazzband.fr\/wp-content\/uploads\/2021\/12\/25072021-P1720557.jpg\",\"contentUrl\":\"https:\/\/www.dilia-jazzband.fr\/wp-content\/uploads\/2021\/12\/25072021-P1720557.jpg\",\"width\":1600,\"height\":1067,\"caption\":\"La formule duo compos\\u00e9 de Florian CAMBOULIVES et VINCENT Tomy. Jazz pour mariage dans la Dr\\u00f4me\"},{\"@type\":\"WebPage\",\"@id\":\"https:\/\/www.dilia-jazzband.fr\/index.php\/contact-devis\/#webpage\",\"url\":\"https:\/\/www.dilia-jazzband.fr\/index.php\/contact-devis\/\",\"name\":\"Contact \\u2013 Dilia Jazz Band | Devis animation jazz pour votre \\u00e9v\\u00e9nement\",\"isPartOf\":{\"@id\":\"https:\/\/www.dilia-jazzband.fr\/#website\"},\"primaryImageOfPage\":{\"@id\":\"https:\/\/www.dilia-jazzband.fr\/index.php\/contact-devis\/#primaryimage\"},\"datePublished\":\"2025-12-23T09:11:46+00:00\",\"dateModified\":\"2026-01-01T07:39:51+00:00\",\"description\":\"Contactez Dilia Jazz Band pour obtenir un devis musical personnalis\\u00e9 pour votre mariage, cocktail ou \\u00e9v\\u00e9nement priv\\u00e9\/professionnel. Musique jazz live adapt\\u00e9e \\u00e0 toutes vos envies en Dr\\u00f4me et Auvergne-Rh\\u00f4ne-Alpes, Provence-Alpes-C\\u00f4te d'Azur.\",\"breadcrumb\":{\"@id\":\"https:\/\/www.dilia-jazzband.fr\/index.php\/contact-devis\/#breadcrumb\"},\"inLanguage\":\"fr-FR\",\"potentialAction\":[{\"@type\":\"ReadAction\",\"target\":[\"https:\/\/www.dilia-jazzband.fr\/index.php\/contact-devis\/\"]}]},{\"@type\":\"BreadcrumbList\",\"@id\":\"https:\/\/www.dilia-jazzband.fr\/index.php\/contact-devis\/#breadcrumb\",\"itemListElement\":[{\"@type\":\"ListItem\",\"position\":1,\"name\":\"Accueil\",\"item\":\"https:\/\/www.dilia-jazzband.fr\/\"},{\"@type\":\"ListItem\",\"position\":2,\"name\":\"Contact\"}]}]}<\/script>\n<!-- \/ Yoast SEO plugin. -->","yoast_head_json":{"title":"Contact \u2013 Dilia Jazz Band | Devis animation jazz pour votre \u00e9v\u00e9nement","description":"Contactez Dilia Jazz Band pour obtenir un devis musical personnalis\u00e9 pour votre mariage, cocktail ou \u00e9v\u00e9nement priv\u00e9\/professionnel. Musique jazz live adapt\u00e9e \u00e0 toutes vos envies en Dr\u00f4me et Auvergne-Rh\u00f4ne-Alpes, Provence-Alpes-C\u00f4te d'Azur.","robots":{"index":"index","follow":"follow","max-snippet":"max-snippet:-1","max-image-preview":"max-image-preview:large","max-video-preview":"max-video-preview:-1"},"canonical":"https:\/\/www.dilia-jazzband.fr\/index.php\/contact-devis\/","og_locale":"fr_FR","og_type":"article","og_title":"Contact \u2013 Dilia Jazz Band | Devis animation jazz pour votre \u00e9v\u00e9nement","og_description":"Contactez Dilia Jazz Band pour obtenir un devis musical personnalis\u00e9 pour votre mariage, cocktail ou \u00e9v\u00e9nement priv\u00e9\/professionnel. Musique jazz live adapt\u00e9e \u00e0 toutes vos envies en Dr\u00f4me et Auvergne-Rh\u00f4ne-Alpes, Provence-Alpes-C\u00f4te d'Azur.","og_url":"https:\/\/www.dilia-jazzband.fr\/index.php\/contact-devis\/","og_site_name":"Dilia Jazz Band","article_modified_time":"2026-01-01T07:39:51+00:00","og_image":[{"url":"https:\/\/www.dilia-jazzband.fr\/wp-content\/uploads\/2021\/12\/25072021-P1720557-1024x683.jpg"}],"twitter_card":"summary_large_image","schema":{"@context":"https:\/\/schema.org","@graph":[{"@type":"WebSite","@id":"https:\/\/www.dilia-jazzband.fr\/#website","url":"https:\/\/www.dilia-jazzband.fr\/","name":"Dilia Jazz Band","description":"Jazz live \u00e9l\u00e9gant pour mariages et \u00e9v\u00e9nements","potentialAction":[{"@type":"SearchAction","target":{"@type":"EntryPoint","urlTemplate":"https:\/\/www.dilia-jazzband.fr\/?s={search_term_string}"},"query-input":"required name=search_term_string"}],"inLanguage":"fr-FR"},{"@type":"ImageObject","@id":"https:\/\/www.dilia-jazzband.fr\/index.php\/contact-devis\/#primaryimage","inLanguage":"fr-FR","url":"https:\/\/www.dilia-jazzband.fr\/wp-content\/uploads\/2021\/12\/25072021-P1720557.jpg","contentUrl":"https:\/\/www.dilia-jazzband.fr\/wp-content\/uploads\/2021\/12\/25072021-P1720557.jpg","width":1600,"height":1067,"caption":"La formule duo compos\u00e9 de Florian CAMBOULIVES et VINCENT Tomy. Jazz pour mariage dans la Dr\u00f4me"},{"@type":"WebPage","@id":"https:\/\/www.dilia-jazzband.fr\/index.php\/contact-devis\/#webpage","url":"https:\/\/www.dilia-jazzband.fr\/index.php\/contact-devis\/","name":"Contact \u2013 Dilia Jazz Band | Devis animation jazz pour votre \u00e9v\u00e9nement","isPartOf":{"@id":"https:\/\/www.dilia-jazzband.fr\/#website"},"primaryImageOfPage":{"@id":"https:\/\/www.dilia-jazzband.fr\/index.php\/contact-devis\/#primaryimage"},"datePublished":"2025-12-23T09:11:46+00:00","dateModified":"2026-01-01T07:39:51+00:00","description":"Contactez Dilia Jazz Band pour obtenir un devis musical personnalis\u00e9 pour votre mariage, cocktail ou \u00e9v\u00e9nement priv\u00e9\/professionnel. Musique jazz live adapt\u00e9e \u00e0 toutes vos envies en Dr\u00f4me et Auvergne-Rh\u00f4ne-Alpes, Provence-Alpes-C\u00f4te d'Azur.","breadcrumb":{"@id":"https:\/\/www.dilia-jazzband.fr\/index.php\/contact-devis\/#breadcrumb"},"inLanguage":"fr-FR","potentialAction":[{"@type":"ReadAction","target":["https:\/\/www.dilia-jazzband.fr\/index.php\/contact-devis\/"]}]},{"@type":"BreadcrumbList","@id":"https:\/\/www.dilia-jazzband.fr\/index.php\/contact-devis\/#breadcrumb","itemListElement":[{"@type":"ListItem","position":1,"name":"Accueil","item":"https:\/\/www.dilia-jazzband.fr\/"},{"@type":"ListItem","position":2,"name":"Contact"}]}]}},"_links":{"self":[{"href":"https:\/\/www.dilia-jazzband.fr\/index.php\/wp-json\/wp\/v2\/pages\/592","targetHints":{"allow":["GET"]}}],"collection":[{"href":"https:\/\/www.dilia-jazzband.fr\/index.php\/wp-json\/wp\/v2\/pages"}],"about":[{"href":"https:\/\/www.dilia-jazzband.fr\/index.php\/wp-json\/wp\/v2\/types\/page"}],"author":[{"embeddable":true,"href":"https:\/\/www.dilia-jazzband.fr\/index.php\/wp-json\/wp\/v2\/users\/1"}],"replies":[{"embeddable":true,"href":"https:\/\/www.dilia-jazzband.fr\/index.php\/wp-json\/wp\/v2\/comments?post=592"}],"version-history":[{"count":41,"href":"https:\/\/www.dilia-jazzband.fr\/index.php\/wp-json\/wp\/v2\/pages\/592\/revisions"}],"predecessor-version":[{"id":853,"href":"https:\/\/www.dilia-jazzband.fr\/index.php\/wp-json\/wp\/v2\/pages\/592\/revisions\/853"}],"wp:attachment":[{"href":"https:\/\/www.dilia-jazzband.fr\/index.php\/wp-json\/wp\/v2\/media?parent=592"}],"curies":[{"name":"wp","href":"https:\/\/api.w.org\/{rel}","templated":true}]}}