{"id":587,"date":"2025-12-23T09:54:13","date_gmt":"2025-12-23T08:54:13","guid":{"rendered":"https:\/\/www.dilia-jazzband.fr\/?page_id=587"},"modified":"2025-12-23T10:18:16","modified_gmt":"2025-12-23T09:18:16","slug":"ment","status":"publish","type":"page","link":"https:\/\/www.dilia-jazzband.fr\/index.php\/ment\/","title":{"rendered":"Mentions-legales"},"content":{"rendered":"\t\t<div data-elementor-type=\"wp-page\" data-elementor-id=\"587\" class=\"elementor elementor-587\" data-elementor-post-type=\"page\">\n\t\t\t\t<div class=\"elementor-element elementor-element-3fec9fb e-flex e-con-boxed e-con e-parent\" data-id=\"3fec9fb\" data-element_type=\"container\">\n\t\t\t\t\t<div class=\"e-con-inner\">\n\t\t\t\t<div class=\"elementor-element elementor-element-72af6ea elementor-widget elementor-widget-heading\" data-id=\"72af6ea\" data-element_type=\"widget\" data-widget_type=\"heading.default\">\n\t\t\t\t\t<h1 class=\"elementor-heading-title elementor-size-default\">Mentions l\u00e9gales\n<\/h1>\t\t\t\t<\/div>\n\t\t\t\t\t<\/div>\n\t\t\t\t<\/div>\n\t\t<div class=\"elementor-element elementor-element-99fae1a e-flex e-con-boxed e-con e-parent\" data-id=\"99fae1a\" data-element_type=\"container\">\n\t\t\t\t\t<div class=\"e-con-inner\">\n\t\t\t\t<div class=\"elementor-element elementor-element-60e02b0 elementor-widget elementor-widget-text-editor\" data-id=\"60e02b0\" data-element_type=\"widget\" data-widget_type=\"text-editor.default\">\n\t\t\t\t\t\t\t\t\t<p><b>dilia.jazzband@gmail.comMerci de lire avec attention les diff\u00e9rentes modalit\u00e9s d\u2019utilisation du pr\u00e9sent site avant d\u2019y parcourir ses pages. En vous connectant sur ce site, vous acceptez sans r\u00e9serves les pr\u00e9sentes modalit\u00e9s. Aussi, conform\u00e9ment \u00e0 l\u2019article n\u00b06 de la Loi n\u00b02004-575 du 21 Juin 2004 pour la confiance dans l\u2019\u00e9conomie num\u00e9rique, l\u2019<\/b><b>h\u00e9bergeur<\/b><b>\u00a0du pr\u00e9sent site internet\u00a0https:\/\/www.dilia-jazzband.fr\/<\/b><b>\u00a0est<\/b><b>:<\/b><\/p><p><b>OVH<\/b><\/p><p><b>RCS Lille M\u00e9tropole 424 761 419 00045<\/b><\/p><p>Code APE 2620Z<\/p><p>N\u00b0 TVA : FR 22 424 761 419<\/p><p>Si\u00e8ge social : 2 rue Kellermann \u2013 59100 Roubaix \u2013 France<\/p><p>Directeur de la publication : Octave KLABA<\/p><p>\u00a0<\/p><p><b>Conditions d\u2019utilisation :<\/b><\/p><p><b>Ce site (https:\/\/www.dilia-jazzband.fr\/<\/b><b>) est propos\u00e9 en diff\u00e9rents langages web (HTML, HTML5, Javascript, CSS, etc\u2026) pour un meilleur confort d\u2019utilisation et un graphisme plus agr\u00e9able, nous vous recommandons de recourir \u00e0 des navigateurs modernes comme Internet explorer, Safari, Firefox, Google Chrome, etc\u2026<\/b><\/p><p><b>L\u2019\u00e9diteur du site https:\/\/www.dilia-jazzband.fr\/<\/b><b>\u00a0tente d\u2019assurer<\/b><b>\u00a0une information fiable et une mise \u00e0 jour fiable. Toutefois, des erreurs ou omissions peuvent survenir. L\u2019internaute devra donc s\u2019assurer de l\u2019exactitude des informations aupr\u00e8s de , et signaler toutes modifications du site qu\u2019il jugerait utile. N\u2019est en aucun cas responsable de l\u2019utilisation faite de ces informations, et de tout pr\u00e9judice direct ou indirect pouvant en d\u00e9couler.<\/b><\/p><p>\u00a0<\/p><p>\u00a0<b>Cookies<\/b>\u00a0<b>: Le site https:\/\/www.dilia-jazzband.fr\/<\/b><b>\u00a0<\/b><b>peut-\u00eatre amen\u00e9 \u00e0 vous demander l\u2019acceptation des cookies pour des besoins de statistiques et d\u2019affichage. Un cookies est une information d\u00e9pos\u00e9e sur votre disque dur par le serveur du site que vous visitez. Il contient plusieurs donn\u00e9es qui sont stock\u00e9es sur votre ordinateur dans un simple fichier texte auquel un serveur acc\u00e8de pour lire et enregistrer des informations . Certaines parties de ce site ne peuvent \u00eatre fonctionnelles sans l\u2019acceptation de cookies.<\/b><\/p><p>\u00a0<\/p><p>\u00a0<b>Liens hypertextes :<\/b>\u00a0<b>Les sites internet de peuvent offrir des liens vers d\u2019autres sites internet ou d\u2019autres ressources disponibles sur Internet. l\u2019auteur de ce site ne dispose d\u2019aucun moyen pour contr\u00f4ler les sites en connexion avec ses sites internet. ne r\u00e9pond pas de la disponibilit\u00e9 de tels sites et sources externes, ni ne la garantit. Elle ne peut \u00eatre tenue pour responsable de tout dommage, de quelque nature que ce soit, r\u00e9sultant du contenu de ces sites ou sources externes, et notamment des informations, produits ou services qu\u2019ils proposent, ou de tout usage qui peut \u00eatre fait de ces \u00e9l\u00e9ments. Les risques li\u00e9s \u00e0 cette utilisation incombent pleinement \u00e0 l\u2019internaute, qui doit se conformer \u00e0 leurs conditions d\u2019utilisation. Les utilisateurs, les abonn\u00e9s et les visiteurs des sites internet de ne peuvent mettre en place un hyperlien en direction de ce site sans l\u2019autorisation expresse et pr\u00e9alable de l\u2019auteur de ce site. Dans l\u2019hypoth\u00e8se o\u00f9 un utilisateur ou visiteur souhaiterait mettre en place un hyperlien en direction d\u2019un des sites internet de l\u2019auteur de ce site, il lui appartiendra d\u2019adresser un email accessible sur le site afin de formuler sa demande de mise en place d\u2019un hyperlien. L\u2019auteur de ce site se r\u00e9serve le droit d\u2019accepter ou de refuser un hyperlien sans avoir \u00e0 en justifier sa d\u00e9cision.<\/b><\/p><p>\u00a0<\/p><p><b>Services fournis :<\/b><\/p><p>\u00a0<\/p><p><b>L\u2019\u00e9diteur du site<\/b><b>\u00a0s\u2019efforce de fournir des informations aussi pr\u00e9cises que possible. les renseignements figurant sur le site https:\/\/www.dilia-jazzband.fr\/<\/b><b>\u00a0ne sont pas exhaustifs et les photos non contractuelles. Ils sont donn\u00e9s sous r\u00e9serve de modifications ayant \u00e9t\u00e9 apport\u00e9es depuis leur mise en ligne. Par ailleurs, tous les informations indiqu\u00e9es sur le site https:\/\/www.dilia-jazzband.fr\/\u00a0<\/b><b>sont donn\u00e9es \u00e0 titre indicatif, et sont susceptibles de changer ou d\u2019\u00e9voluer sans pr\u00e9avis.<\/b><\/p><p>\u00a0<\/p><p><b>Limitation contractuelles sur les donn\u00e9es :<\/b><\/p><p><b>Les informations contenues sur ce site sont aussi pr\u00e9cises que possible et le site remis \u00e0 jour \u00e0 diff\u00e9rentes p\u00e9riodes de l\u2019ann\u00e9e, mais peut toutefois contenir des inexactitudes ou des omissions. Si vous constatez une lacune, erreur ou ce qui parait \u00eatre un dysfonctionnement, merci de bien vouloir le signaler par email, \u00e0 l\u2019adresse dilia.jazzband@gmail.com<\/b><b>\u00a0<\/b><b>, en d\u00e9crivant le probl\u00e8me de la mani\u00e8re la plus pr\u00e9cise possible (page posant probl\u00e8me, type d\u2019ordinateur et de navigateur utilis\u00e9, \u2026). Tout contenu t\u00e9l\u00e9charg\u00e9 se fait aux risques et p\u00e9rils de l\u2019utilisateur et sous sa seule responsabilit\u00e9. En cons\u00e9quence, ne saurait \u00eatre tenu responsable d\u2019un quelconque dommage subi par l\u2019ordinateur de l\u2019utilisateur ou d\u2019une quelconque perte de donn\u00e9es cons\u00e9cutives au t\u00e9l\u00e9chargement.\u00a0<\/b><b>De plus, l\u2019utilisateur du site s\u2019engage \u00e0 acc\u00e9der au site en utilisant un mat\u00e9riel r\u00e9cent, ne contenant pas de virus et avec un navigateur de derni\u00e8re g\u00e9n\u00e9ration mis-\u00e0-jour<\/b>\u00a0<b>Les liens hypertextes mis en place dans le cadre du pr\u00e9sent site internet en direction d\u2019autres ressources pr\u00e9sentes sur le r\u00e9seau Internet ne sauraient engager la responsabilit\u00e9 de l\u2019auteur de ce site.<\/b><\/p><p><b>Propri\u00e9t\u00e9 intellectuelle :<\/b><\/p><p><b>Tout le contenu du pr\u00e9sent sur le site https:\/\/www.dilia-jazzband.fr\/\u00a0<\/b><b>, incluant, de fa\u00e7on non limitative, les graphismes, images, textes, vid\u00e9os, animations, sons, logos, gifs et ic\u00f4nes ainsi que leur mise en forme sont la propri\u00e9t\u00e9 exclusive de l\u2019auteur de ce site \u00e0 l\u2019exception des marques, logos ou contenus appartenant \u00e0 d\u2019autres soci\u00e9t\u00e9s partenaires ou auteurs. Toute reproduction, distribution, modification, adaptation, retransmission ou publication, m\u00eame partielle, de ces diff\u00e9rents \u00e9l\u00e9ments est strictement interdite sans l\u2019accord expr\u00e8s par \u00e9crit de l\u2019auteur de ce site. Cette repr\u00e9sentation ou reproduction, par quelque proc\u00e9d\u00e9 que ce soit, constitue une contrefa\u00e7on sanctionn\u00e9e par les articles L.335-2 et suivants du Code de la propri\u00e9t\u00e9 intellectuelle. Le non-respect de cette interdiction constitue une contrefa\u00e7on pouvant engager la responsabilit\u00e9 civile et p\u00e9nale du contrefacteur. En outre, les propri\u00e9taires des Contenus copi\u00e9s pourraient intenter une action en justice \u00e0 votre encontre.<\/b><\/p><p><b>D\u00e9claration \u00e0 la CNIL :<\/b><\/p><p><b>Conform\u00e9ment \u00e0 la loi 78-17 du 6 janvier 1978 (modifi\u00e9e par la loi 2004-801 du 6 ao\u00fbt 2004 relative \u00e0 la protection des personnes physiques \u00e0 l\u2019\u00e9gard des traitements de donn\u00e9es \u00e0 caract\u00e8re personnel) relative \u00e0 l\u2019informatique, aux fichiers et aux libert\u00e9s, ce site a fait l\u2019objet d\u2019une d\u00e9claration aupr\u00e8s de la Commission nationale de l\u2019informatique et des libert\u00e9s (<\/b><a href=\"http:\/\/www.cnil.fr\/\"><b>www.cnil.fr<\/b><\/a><b>).<\/b><\/p><p><b>Litiges :<\/b><\/p><p><b>Les pr\u00e9sentes conditions du site https:\/\/www.dilia-jazzband.fr\/\u00a0<\/b>\u00a0<b>sont r\u00e9gies par les lois fran\u00e7aises et toute contestation ou litiges qui pourraient na\u00eetre de l\u2019interpr\u00e9tation ou de l\u2019ex\u00e9cution de celles-ci seront de la comp\u00e9tence exclusive des tribunaux. La langue de r\u00e9f\u00e9rence, pour le r\u00e8glement de contentieux \u00e9ventuels, est le fran\u00e7ais.<\/b><\/p><p><b>Donn\u00e9es personnelles :<\/b><\/p><p><b>De mani\u00e8re g\u00e9n\u00e9rale, vous n\u2019\u00eates pas tenu de nous communiquer vos donn\u00e9es personnelles lorsque vous visitez notre site Internet<\/b><b>\u00a0<\/b><b>. Cependant, ce principe comporte certaines exceptions. En effet, pour certains services propos\u00e9s par notre site, vous pouvez \u00eatre amen\u00e9s \u00e0 nous communiquer certaines donn\u00e9es telles que : votre nom, votre fonction, le nom de votre soci\u00e9t\u00e9, votre adresse \u00e9lectronique, et votre num\u00e9ro de t\u00e9l\u00e9phone. Tel est le cas lorsque vous remplissez le formulaire qui vous est propos\u00e9 en ligne, dans la rubrique \u00ab contact \u00bb. Dans tous les cas, vous pouvez refuser de fournir vos donn\u00e9es personnelles. Dans ce cas, vous ne pourrez pas utiliser les services du site, notamment celui de solliciter des renseignements sur nos activit\u00e9s, ou de recevoir les lettres d\u2019information. Enfin, nous pouvons collecter de mani\u00e8re automatique certaines informations vous concernant lors d\u2019une simple navigation sur notre site Internet, notamment : des informations concernant l\u2019utilisation de notre site, comme les zones que vous visitez et les services auxquels vous acc\u00e9dez, votre adresse IP, le type de votre navigateur, vos temps d\u2019acc\u00e8s. De telles informations sont utilis\u00e9es exclusivement \u00e0 des fins de statistiques internes, de mani\u00e8re \u00e0 am\u00e9liorer la qualit\u00e9 des services qui vous sont propos\u00e9s. Les bases de donn\u00e9es sont prot\u00e9g\u00e9es par les dispositions de la loi du 1er juillet 1998 transposant la directive 96\/9 du 11 mars 1996 relative \u00e0 la protection juridique des bases de donn\u00e9es.<\/b><\/p>\t\t\t\t\t\t\t\t<\/div>\n\t\t\t\t\t<\/div>\n\t\t\t\t<\/div>\n\t\t\t\t<\/div>\n\t\t","protected":false},"excerpt":{"rendered":"<p>Mentions l\u00e9gales dilia.jazzband@gmail.comMerci de lire avec attention les diff\u00e9rentes modalit\u00e9s d\u2019utilisation du pr\u00e9sent site avant d\u2019y parcourir ses pages. En vous connectant sur ce site, vous acceptez sans r\u00e9serves les pr\u00e9sentes modalit\u00e9s. Aussi, conform\u00e9ment \u00e0 l\u2019article n\u00b06 de la Loi n\u00b02004-575 du 21 Juin 2004 pour la confiance dans l\u2019\u00e9conomie num\u00e9rique, l\u2019h\u00e9bergeur\u00a0du pr\u00e9sent site internet\u00a0https:\/\/www.dilia-jazzband.fr\/\u00a0est: [&hellip;]<\/p>\n","protected":false},"author":1,"featured_media":0,"parent":0,"menu_order":0,"comment_status":"closed","ping_status":"closed","template":"","meta":{"footnotes":""},"class_list":["post-587","page","type-page","status-publish","hentry"],"yoast_head":"<!-- This site is optimized with the Yoast SEO plugin v17.7 - https:\/\/yoast.com\/wordpress\/plugins\/seo\/ -->\n<title>Mentions-legales - Dilia Jazz Band<\/title>\n<meta name=\"robots\" content=\"index, follow, max-snippet:-1, max-image-preview:large, max-video-preview:-1\" \/>\n<link rel=\"canonical\" href=\"https:\/\/www.dilia-jazzband.fr\/index.php\/ment\/\" \/>\n<meta property=\"og:locale\" content=\"fr_FR\" \/>\n<meta property=\"og:type\" content=\"article\" \/>\n<meta property=\"og:title\" content=\"Mentions-legales - Dilia Jazz Band\" \/>\n<meta property=\"og:description\" content=\"Mentions l\u00e9gales dilia.jazzband@gmail.comMerci de lire avec attention les diff\u00e9rentes modalit\u00e9s d\u2019utilisation du pr\u00e9sent site avant d\u2019y parcourir ses pages. En vous connectant sur ce site, vous acceptez sans r\u00e9serves les pr\u00e9sentes modalit\u00e9s. Aussi, conform\u00e9ment \u00e0 l\u2019article n\u00b06 de la Loi n\u00b02004-575 du 21 Juin 2004 pour la confiance dans l\u2019\u00e9conomie num\u00e9rique, l\u2019h\u00e9bergeur\u00a0du pr\u00e9sent site internet\u00a0https:\/\/www.dilia-jazzband.fr\/\u00a0est: [&hellip;]\" \/>\n<meta property=\"og:url\" content=\"https:\/\/www.dilia-jazzband.fr\/index.php\/ment\/\" \/>\n<meta property=\"og:site_name\" content=\"Dilia Jazz Band\" \/>\n<meta property=\"article:modified_time\" content=\"2025-12-23T09:18:16+00:00\" \/>\n<meta name=\"twitter:card\" content=\"summary_large_image\" \/>\n<meta name=\"twitter:label1\" content=\"Dur\u00e9e de lecture estim\u00e9e\" \/>\n\t<meta name=\"twitter:data1\" content=\"7 minutes\" \/>\n<script type=\"application\/ld+json\" class=\"yoast-schema-graph\">{\"@context\":\"https:\/\/schema.org\",\"@graph\":[{\"@type\":\"WebSite\",\"@id\":\"https:\/\/www.dilia-jazzband.fr\/#website\",\"url\":\"https:\/\/www.dilia-jazzband.fr\/\",\"name\":\"Dilia Jazz Band\",\"description\":\"Jazz live \\u00e9l\\u00e9gant pour mariages et \\u00e9v\\u00e9nements\",\"potentialAction\":[{\"@type\":\"SearchAction\",\"target\":{\"@type\":\"EntryPoint\",\"urlTemplate\":\"https:\/\/www.dilia-jazzband.fr\/?s={search_term_string}\"},\"query-input\":\"required name=search_term_string\"}],\"inLanguage\":\"fr-FR\"},{\"@type\":\"WebPage\",\"@id\":\"https:\/\/www.dilia-jazzband.fr\/index.php\/ment\/#webpage\",\"url\":\"https:\/\/www.dilia-jazzband.fr\/index.php\/ment\/\",\"name\":\"Mentions-legales - Dilia Jazz Band\",\"isPartOf\":{\"@id\":\"https:\/\/www.dilia-jazzband.fr\/#website\"},\"datePublished\":\"2025-12-23T08:54:13+00:00\",\"dateModified\":\"2025-12-23T09:18:16+00:00\",\"breadcrumb\":{\"@id\":\"https:\/\/www.dilia-jazzband.fr\/index.php\/ment\/#breadcrumb\"},\"inLanguage\":\"fr-FR\",\"potentialAction\":[{\"@type\":\"ReadAction\",\"target\":[\"https:\/\/www.dilia-jazzband.fr\/index.php\/ment\/\"]}]},{\"@type\":\"BreadcrumbList\",\"@id\":\"https:\/\/www.dilia-jazzband.fr\/index.php\/ment\/#breadcrumb\",\"itemListElement\":[{\"@type\":\"ListItem\",\"position\":1,\"name\":\"Accueil\",\"item\":\"https:\/\/www.dilia-jazzband.fr\/\"},{\"@type\":\"ListItem\",\"position\":2,\"name\":\"Mentions-legales\"}]}]}<\/script>\n<!-- \/ Yoast SEO plugin. -->","yoast_head_json":{"title":"Mentions-legales - Dilia Jazz Band","robots":{"index":"index","follow":"follow","max-snippet":"max-snippet:-1","max-image-preview":"max-image-preview:large","max-video-preview":"max-video-preview:-1"},"canonical":"https:\/\/www.dilia-jazzband.fr\/index.php\/ment\/","og_locale":"fr_FR","og_type":"article","og_title":"Mentions-legales - Dilia Jazz Band","og_description":"Mentions l\u00e9gales dilia.jazzband@gmail.comMerci de lire avec attention les diff\u00e9rentes modalit\u00e9s d\u2019utilisation du pr\u00e9sent site avant d\u2019y parcourir ses pages. En vous connectant sur ce site, vous acceptez sans r\u00e9serves les pr\u00e9sentes modalit\u00e9s. Aussi, conform\u00e9ment \u00e0 l\u2019article n\u00b06 de la Loi n\u00b02004-575 du 21 Juin 2004 pour la confiance dans l\u2019\u00e9conomie num\u00e9rique, l\u2019h\u00e9bergeur\u00a0du pr\u00e9sent site internet\u00a0https:\/\/www.dilia-jazzband.fr\/\u00a0est: [&hellip;]","og_url":"https:\/\/www.dilia-jazzband.fr\/index.php\/ment\/","og_site_name":"Dilia Jazz Band","article_modified_time":"2025-12-23T09:18:16+00:00","twitter_card":"summary_large_image","twitter_misc":{"Dur\u00e9e de lecture estim\u00e9e":"7 minutes"},"schema":{"@context":"https:\/\/schema.org","@graph":[{"@type":"WebSite","@id":"https:\/\/www.dilia-jazzband.fr\/#website","url":"https:\/\/www.dilia-jazzband.fr\/","name":"Dilia Jazz Band","description":"Jazz live \u00e9l\u00e9gant pour mariages et \u00e9v\u00e9nements","potentialAction":[{"@type":"SearchAction","target":{"@type":"EntryPoint","urlTemplate":"https:\/\/www.dilia-jazzband.fr\/?s={search_term_string}"},"query-input":"required name=search_term_string"}],"inLanguage":"fr-FR"},{"@type":"WebPage","@id":"https:\/\/www.dilia-jazzband.fr\/index.php\/ment\/#webpage","url":"https:\/\/www.dilia-jazzband.fr\/index.php\/ment\/","name":"Mentions-legales - Dilia Jazz Band","isPartOf":{"@id":"https:\/\/www.dilia-jazzband.fr\/#website"},"datePublished":"2025-12-23T08:54:13+00:00","dateModified":"2025-12-23T09:18:16+00:00","breadcrumb":{"@id":"https:\/\/www.dilia-jazzband.fr\/index.php\/ment\/#breadcrumb"},"inLanguage":"fr-FR","potentialAction":[{"@type":"ReadAction","target":["https:\/\/www.dilia-jazzband.fr\/index.php\/ment\/"]}]},{"@type":"BreadcrumbList","@id":"https:\/\/www.dilia-jazzband.fr\/index.php\/ment\/#breadcrumb","itemListElement":[{"@type":"ListItem","position":1,"name":"Accueil","item":"https:\/\/www.dilia-jazzband.fr\/"},{"@type":"ListItem","position":2,"name":"Mentions-legales"}]}]}},"_links":{"self":[{"href":"https:\/\/www.dilia-jazzband.fr\/index.php\/wp-json\/wp\/v2\/pages\/587","targetHints":{"allow":["GET"]}}],"collection":[{"href":"https:\/\/www.dilia-jazzband.fr\/index.php\/wp-json\/wp\/v2\/pages"}],"about":[{"href":"https:\/\/www.dilia-jazzband.fr\/index.php\/wp-json\/wp\/v2\/types\/page"}],"author":[{"embeddable":true,"href":"https:\/\/www.dilia-jazzband.fr\/index.php\/wp-json\/wp\/v2\/users\/1"}],"replies":[{"embeddable":true,"href":"https:\/\/www.dilia-jazzband.fr\/index.php\/wp-json\/wp\/v2\/comments?post=587"}],"version-history":[{"count":5,"href":"https:\/\/www.dilia-jazzband.fr\/index.php\/wp-json\/wp\/v2\/pages\/587\/revisions"}],"predecessor-version":[{"id":602,"href":"https:\/\/www.dilia-jazzband.fr\/index.php\/wp-json\/wp\/v2\/pages\/587\/revisions\/602"}],"wp:attachment":[{"href":"https:\/\/www.dilia-jazzband.fr\/index.php\/wp-json\/wp\/v2\/media?parent=587"}],"curies":[{"name":"wp","href":"https:\/\/api.w.org\/{rel}","templated":true}]}}